{"id":485,"date":"2025-04-17T07:04:08","date_gmt":"2025-04-17T07:04:08","guid":{"rendered":"https:\/\/www.pauoulu.fi\/?page_id=485"},"modified":"2025-04-17T07:32:24","modified_gmt":"2025-04-17T07:32:24","slug":"sak-2","status":"publish","type":"page","link":"https:\/\/www.pauoulu.fi\/index.php\/sak-2\/","title":{"rendered":"SAK"},"content":{"rendered":"<div class=\"wp-block-image\">\n<figure class=\"aligncenter size-full\"><img loading=\"lazy\" decoding=\"async\" width=\"217\" height=\"114\" src=\"https:\/\/www.pauoulu.fi\/wp-content\/uploads\/2025\/04\/SAK.png\" alt=\"\" class=\"wp-image-489\"\/><\/figure>\n<\/div>\n\n\n<h4 class=\"wp-block-heading\">Suomen ammattiliittojen keskusj\u00e4rjest\u00f6 SAK ry on Suomen suurin ammatillinen keskusj\u00e4rjest\u00f6, johon kuuluu 18 ammattiliittoa ja PAU on yksi niist\u00e4. Yhteens\u00e4 n\u00e4iss\u00e4&nbsp;ammattiliitoissa&nbsp;on yli 800 000 j\u00e4sent\u00e4.<\/h4>\n\n\n\n<h4 class=\"wp-block-heading\">SAK:n alaisia liittoja ovat:<\/h4>\n\n\n\n<ul class=\"wp-block-list\">\n<li><a href=\"https:\/\/www.aliupseeriliitto.fi\/\" target=\"_blank\" rel=\"noreferrer noopener\">Aliupseeriliitto<\/a><\/li>\n\n\n\n<li><a href=\"https:\/\/www.akt.fi\/\" target=\"_blank\" rel=\"noreferrer noopener\">Auto- ja Kuljetusalan Ty\u00f6ntekij\u00e4liitto AKT<\/a><\/li>\n\n\n\n<li><a href=\"https:\/\/www.iau.fi\/\" target=\"_blank\" rel=\"noreferrer noopener\">Ilmailualan unioni IAU<\/a><\/li>\n\n\n\n<li><a href=\"https:\/\/www.jhl.fi\/\" target=\"_blank\" rel=\"noreferrer noopener\">Julkisten hyvinvointialojen liitto JHL<\/a><\/li>\n\n\n\n<li><a href=\"https:\/\/www.smu.fi\/\" target=\"_blank\" rel=\"noreferrer noopener\">Merimies-Unioni<\/a><\/li>\n\n\n\n<li><a href=\"https:\/\/www.muusikkojenliitto.fi\/\" target=\"_blank\" rel=\"noreferrer noopener\">Muusikkojen Liitto<\/a><\/li>\n\n\n\n<li><a href=\"https:\/\/www.pam.fi\/\" target=\"_blank\" rel=\"noreferrer noopener\">Palvelualojen ammattiliitto PAM<\/a><\/li>\n\n\n\n<li><a href=\"https:\/\/www.paperiliitto.fi\/\" target=\"_blank\" rel=\"noreferrer noopener\">Paperiliitto<\/a><\/li>\n\n\n\n<li><a href=\"https:\/\/www.pau.fi\/\" target=\"_blank\" rel=\"noreferrer noopener\">Posti- ja logistiikka-alan unioni PAU<\/a><\/li>\n\n\n\n<li><a href=\"https:\/\/www.rtu.fi\/\" target=\"_blank\" rel=\"noreferrer noopener\">Rajaturvallisuusunioni<\/a><\/li>\n\n\n\n<li><a href=\"https:\/\/rakennusliitto.fi\/\" target=\"_blank\" rel=\"noreferrer noopener\">Rakennusliitto<\/a><\/li>\n\n\n\n<li><a href=\"https:\/\/www.raury.fi\/\" target=\"_blank\" rel=\"noreferrer noopener\">Rautatiealan unioni RAU<\/a><\/li>\n\n\n\n<li><a href=\"https:\/\/www.selry.fi\/\" target=\"_blank\" rel=\"noreferrer noopener\">Suomen Elintarvikety\u00f6l\u00e4isten Liitto SEL<\/a><\/li>\n\n\n\n<li><a href=\"http:\/\/www.huippu-urheilijoidenunioni.fi\/\" target=\"_blank\" rel=\"noreferrer noopener\">Suomen Huippu-urheilijoiden Unioni SHU<\/a><\/li>\n\n\n\n<li><a href=\"https:\/\/www.sllpilots.fi\/\" target=\"_blank\" rel=\"noreferrer noopener\">Suomen Liikennelent\u00e4j\u00e4liitto SLL<\/a><\/li>\n\n\n\n<li><a href=\"https:\/\/sssl.fi\/\" target=\"_blank\" rel=\"noreferrer noopener\">Suomen Sosialidemokraattinen Sanomalehtimiesliitto SSSL<\/a><\/li>\n\n\n\n<li><a href=\"https:\/\/sahkoliitto.fi\/\" target=\"_blank\" rel=\"noreferrer noopener\">S\u00e4hk\u00f6liitto<\/a><\/li>\n\n\n\n<li><a href=\"https:\/\/www.teme.fi\/fi\/\" target=\"_blank\" rel=\"noreferrer noopener\">Teatteri- ja mediaty\u00f6ntekij\u00f6iden liitto Teme<\/a><\/li>\n\n\n\n<li><a href=\"https:\/\/www.teollisuusliitto.fi\/\" target=\"_blank\" rel=\"noreferrer noopener\">Teollisuusliitto<\/a><\/li>\n\n\n\n<li><a href=\"https:\/\/www.tulliliitto.fi\/\" target=\"_blank\" rel=\"noreferrer noopener\">Tulliliitto<\/a><\/li>\n\n\n\n<li><a href=\"https:\/\/www.vankilavirkailija.fi\/\" target=\"_blank\" rel=\"noreferrer noopener\">Vankivirkailijain liitto<\/a><\/li>\n\n\n\n<li><a href=\"http:\/\/www.yleinenlehtimiesliitto.fi\/\" target=\"_blank\" rel=\"noreferrer noopener\">Yleinen lehtimiesliitto YLL<\/a><\/li>\n<\/ul>\n","protected":false},"excerpt":{"rendered":"<p>Suomen ammattiliittojen keskusj\u00e4rjest\u00f6 SAK ry on Suomen suurin ammatillinen keskusj\u00e4rjest\u00f6, johon kuuluu 18 ammattiliittoa ja PAU on yksi niist\u00e4. Yhteens\u00e4 n\u00e4iss\u00e4&nbsp;ammattiliitoissa&nbsp;on yli 800 000 j\u00e4sent\u00e4. SAK:n alaisia liittoja ovat:<\/p>\n","protected":false},"author":1,"featured_media":0,"parent":0,"menu_order":0,"comment_status":"closed","ping_status":"closed","template":"","meta":{"footnotes":""},"class_list":["post-485","page","type-page","status-publish","hentry"],"_links":{"self":[{"href":"https:\/\/www.pauoulu.fi\/index.php\/wp-json\/wp\/v2\/pages\/485","targetHints":{"allow":["GET"]}}],"collection":[{"href":"https:\/\/www.pauoulu.fi\/index.php\/wp-json\/wp\/v2\/pages"}],"about":[{"href":"https:\/\/www.pauoulu.fi\/index.php\/wp-json\/wp\/v2\/types\/page"}],"author":[{"embeddable":true,"href":"https:\/\/www.pauoulu.fi\/index.php\/wp-json\/wp\/v2\/users\/1"}],"replies":[{"embeddable":true,"href":"https:\/\/www.pauoulu.fi\/index.php\/wp-json\/wp\/v2\/comments?post=485"}],"version-history":[{"count":5,"href":"https:\/\/www.pauoulu.fi\/index.php\/wp-json\/wp\/v2\/pages\/485\/revisions"}],"predecessor-version":[{"id":495,"href":"https:\/\/www.pauoulu.fi\/index.php\/wp-json\/wp\/v2\/pages\/485\/revisions\/495"}],"wp:attachment":[{"href":"https:\/\/www.pauoulu.fi\/index.php\/wp-json\/wp\/v2\/media?parent=485"}],"curies":[{"name":"wp","href":"https:\/\/api.w.org\/{rel}","templated":true}]}}