{"id":251,"date":"2025-03-20T07:59:40","date_gmt":"2025-03-20T07:59:40","guid":{"rendered":"https:\/\/www.pauoulu.fi\/?page_id=251"},"modified":"2025-04-01T07:30:07","modified_gmt":"2025-04-01T07:30:07","slug":"huilunnokka-vuokraajan-muistilista","status":"publish","type":"page","link":"https:\/\/www.pauoulu.fi\/index.php\/huilunnokka-vuokraajan-muistilista\/","title":{"rendered":"Huilunnokka vuokraajan muistilista"},"content":{"rendered":"\n<h3 class=\"wp-block-heading\"><br><strong>M\u00f6kin vuokraaja on henkil\u00f6kohtaisesti vastuussa m\u00f6kin ja rakennusten kunnosta sek\u00e4 mahdollisten kanssa-asujien k\u00e4ytt\u00e4ymisest\u00e4 siten, ettei naapureille aiheudu h\u00e4iri\u00f6t\u00e4. Mik\u00e4li vuokraaja ei itse p\u00e4\u00e4se henkil\u00f6kohtaisesti m\u00f6kille, ei h\u00e4n saa luovuttaa avaimia toiselle osapuolelle. Mik\u00e4li m\u00f6kki on j\u00e4tetty siivoamatta ja mahdollisesti&nbsp;m\u00f6kin kuntoon tai irtaimistoon on&nbsp;aiheutunut&nbsp;vaurioita, on m\u00f6kin vuokraaja korvausvelvollinen.<\/strong><\/h3>\n\n\n\n<ul class=\"wp-block-list\">\n<li><strong>Rakennuksissa ei saa tupakoida sis\u00e4ll\u00e4<\/strong><br>&nbsp;<\/li>\n\n\n\n<li><strong>Kotiel\u00e4imet\/lemmikit kielletty m\u00f6keiss\u00e4<\/strong><br>&nbsp;<\/li>\n\n\n\n<li><strong>Pois l\u00e4htiess\u00e4 on aina muistettava tarkistaa m\u00f6kkien siisteys. Imurointi ja p\u00f6ytien+tasojen pyyhint\u00e4 omista sotkuista.<\/strong><br>&nbsp;<\/li>\n\n\n\n<li><strong>Avain on muistettava laittaa avainlokeroon&nbsp;vuokrauksen loppuessa. Mahdolliset vahingot on ilmoitettava avainten palautuksen yhteydess\u00e4<\/strong><br>&nbsp;<\/li>\n\n\n\n<li><strong>Jokaisen on tuotava omat liinavaatteet, pyyhkeet, talous- ja wc-paperit<\/strong><br>&nbsp;<\/li>\n\n\n\n<li><strong>Astianpesukone tulee sammuttaa ennen l\u00e4ht\u00f6\u00e4 ja pesukoneen hana oltava kiinni<\/strong><br>&nbsp;<\/li>\n\n\n\n<li><strong>Kun sytyt\u00e4t kynttil\u00f6it\u00e4, tuikkuja tai ulkoroihuja.&nbsp;Tarkista, ett\u00e4 alusta on palamaton. \u00c4l\u00e4 polta&nbsp;kynttil\u00f6it\u00e4 esim. terassin kaiteella.<\/strong><br>&nbsp;<\/li>\n\n\n\n<li><strong>Tulipesist\u00e4 (takka, grillikota, pihasauna) tuhkat tyhjenn\u00e4tt\u00e4v\u00e4 tuhka-astiaan&nbsp;(sijaitsee grillikodan takana)<\/strong><br>&nbsp;<\/li>\n\n\n\n<li><strong>Rantasaunan kiukaan kuumavesis\u00e4ili\u00f6 tulee tyhjent\u00e4\u00e4 talvikaudella<\/strong><br>&nbsp;<\/li>\n\n\n\n<li><strong>\u200bLis\u00e4ksi muistutetaan vuokraajia dyyneill\u00e4 liikkumisesta, dyyneill\u00e4 ei saa liikkua&nbsp;moottoriajoneuvoilla (autolla, m\u00f6nkij\u00e4ll\u00e4, mopolla jne.), koska dyynit ovat&nbsp;luonnonsuojelualuetta<\/strong><br>&nbsp;<\/li>\n\n\n\n<li><strong>Kun poistut m\u00f6kilt\u00e4 rannalle\/kauppaan\/ravintoloihin kannattaa avain j\u00e4tt\u00e4\u00e4 siksi aikaa avainlokeroon<\/strong><\/li>\n<\/ul>\n\n\n\n<p><strong>Avainlokeron koodi ilmoitetaan vuokrausta edellisen\u00e4 p\u00e4iv\u00e4n\u00e4 s\u00e4hk\u00f6postilla tai tekstiviestill\u00e4 (jos puh.nro ilmoitettu varausviestiss\u00e4)<\/strong><\/p>\n","protected":false},"excerpt":{"rendered":"<p>M\u00f6kin vuokraaja on henkil\u00f6kohtaisesti vastuussa m\u00f6kin ja rakennusten kunnosta sek\u00e4 mahdollisten kanssa-asujien k\u00e4ytt\u00e4ymisest\u00e4 siten, ettei naapureille aiheudu h\u00e4iri\u00f6t\u00e4. Mik\u00e4li vuokraaja ei itse p\u00e4\u00e4se henkil\u00f6kohtaisesti m\u00f6kille, ei h\u00e4n saa luovuttaa avaimia &#8230;<\/p>\n","protected":false},"author":1,"featured_media":0,"parent":0,"menu_order":0,"comment_status":"closed","ping_status":"closed","template":"","meta":{"footnotes":""},"class_list":["post-251","page","type-page","status-publish","hentry"],"_links":{"self":[{"href":"https:\/\/www.pauoulu.fi\/index.php\/wp-json\/wp\/v2\/pages\/251","targetHints":{"allow":["GET"]}}],"collection":[{"href":"https:\/\/www.pauoulu.fi\/index.php\/wp-json\/wp\/v2\/pages"}],"about":[{"href":"https:\/\/www.pauoulu.fi\/index.php\/wp-json\/wp\/v2\/types\/page"}],"author":[{"embeddable":true,"href":"https:\/\/www.pauoulu.fi\/index.php\/wp-json\/wp\/v2\/users\/1"}],"replies":[{"embeddable":true,"href":"https:\/\/www.pauoulu.fi\/index.php\/wp-json\/wp\/v2\/comments?post=251"}],"version-history":[{"count":4,"href":"https:\/\/www.pauoulu.fi\/index.php\/wp-json\/wp\/v2\/pages\/251\/revisions"}],"predecessor-version":[{"id":406,"href":"https:\/\/www.pauoulu.fi\/index.php\/wp-json\/wp\/v2\/pages\/251\/revisions\/406"}],"wp:attachment":[{"href":"https:\/\/www.pauoulu.fi\/index.php\/wp-json\/wp\/v2\/media?parent=251"}],"curies":[{"name":"wp","href":"https:\/\/api.w.org\/{rel}","templated":true}]}}