{"id":250,"date":"2025-03-20T07:59:40","date_gmt":"2025-03-20T07:59:40","guid":{"rendered":"https:\/\/www.pauoulu.fi\/?page_id=250"},"modified":"2026-01-16T15:40:15","modified_gmt":"2026-01-16T15:40:15","slug":"hailuoto-huilunnokka-esittely","status":"publish","type":"page","link":"https:\/\/www.pauoulu.fi\/index.php\/hailuoto-huilunnokka-esittely\/","title":{"rendered":"Hailuoto Huilunnokka esittely"},"content":{"rendered":"\n<figure class=\"wp-block-gallery has-nested-images columns-default is-cropped wp-block-gallery-1 is-layout-flex wp-block-gallery-is-layout-flex\">\n<figure class=\"wp-block-image size-large\"><img loading=\"lazy\" decoding=\"async\" width=\"1024\" height=\"576\" data-id=\"976\" src=\"https:\/\/www.pauoulu.fi\/wp-content\/uploads\/2026\/01\/DJI_0325-1024x576.jpg\" alt=\"\" class=\"wp-image-976\" srcset=\"https:\/\/www.pauoulu.fi\/wp-content\/uploads\/2026\/01\/DJI_0325-1024x576.jpg 1024w, https:\/\/www.pauoulu.fi\/wp-content\/uploads\/2026\/01\/DJI_0325-300x169.jpg 300w, https:\/\/www.pauoulu.fi\/wp-content\/uploads\/2026\/01\/DJI_0325-768x432.jpg 768w, https:\/\/www.pauoulu.fi\/wp-content\/uploads\/2026\/01\/DJI_0325-1536x864.jpg 1536w, https:\/\/www.pauoulu.fi\/wp-content\/uploads\/2026\/01\/DJI_0325-2048x1152.jpg 2048w\" sizes=\"auto, (max-width: 1024px) 100vw, 1024px\" \/><figcaption class=\"wp-element-caption\">default<\/figcaption><\/figure>\n<\/figure>\n\n\n\n<p><\/p>\n\n\n\n<p><strong>HUILUNNOKKA&nbsp;on lomapaikka, jota voivat vuokrata ainoastaan Pau:n j\u00e4senet. Huilunokka koostuu p\u00e4\u00e4m\u00f6kist\u00e4, grillikodasta, rantasaunasta ja pihavajasta. P\u00e4\u00e4m\u00f6kiss\u00e4 on yksi makuuhuone paris\u00e4ngyll\u00e4 ja&nbsp;parvi, jossa 2 s\u00e4nky\u00e4 ja muutama patja. Alakerran tuvan sohvat soveltuvat yhdelle hengelle\/sohva. P\u00e4\u00e4m\u00f6kiss\u00e4 on s\u00e4hk\u00f6sauna ja rantasauna on puul\u00e4mmitteinen.<\/strong><\/p>\n\n\n\n<p><strong>MAKSUT JA VARAUSK\u00c4YT\u00c4NT\u00d6<\/strong><\/p>\n\n\n\n<p><strong>Oulun osaston j\u00e4senille:<\/strong><\/p>\n\n\n\n<p>ma-to180\u20ac<br>to-su 180\u20ac (pe-su 135\u20ac)<br><br>Lis\u00e4p\u00e4iv\u00e4t 45\u20ac\/p\u00e4iv\u00e4 (jos varaustilanne sallii)<br><br><strong><u>Muille PAU:n j\u00e4senille:<\/u><\/strong><\/p>\n\n\n\n<p>ma-to 280\u20ac<br>to-su 280\u20ac (pe-su 210\u20ac)<br><br>Lis\u00e4p\u00e4iv\u00e4t 70\u20ac\/p\u00e4iv\u00e4 (jos varaustilanne sallii)<\/p>\n\n\n\n<p><strong>HUOM! Oulun osaston j\u00e4senet voivat varata m\u00f6kin maksimissaan 2 kuukautta ennen vuokrausajankohtaa ja muut PAU:n j\u00e4senet max. 1kk ennen vuokrausajankohtaa<\/strong><\/p>\n\n\n\n<p><strong><u>Vuokrauksen alkamis- ja loppumisajat:<\/u><br>M\u00f6kin luovutus tapahtuu torstaina&nbsp;viimeist\u00e4\u00e4n klo 14.00 menness\u00e4 ja uusi&nbsp;vuokraaja voi saapua m\u00f6kille&nbsp;aikaisintaan&nbsp;klo 15.00.<\/strong><\/p>\n\n\n\n<p><strong>Sunnuntaina ei ole pakollista l\u00e4ht\u00f6aikaa.<\/strong><\/p>\n\n\n\n<p><strong>Tilinumero maksua varten:<\/strong><\/p>\n\n\n\n<p>PAU:n Oulun alueen osasto ry<br>OULUN OP<br>FI59 5542 8540 0041 21<\/p>\n\n\n\n<p><strong>Varaukset, tarkemmat ajo-ohjeet s\u00e4hk\u00f6postilla osoitteeseen&nbsp;<\/strong><a href=\"mailto:pauoulu@gmail.com\">pauoulu@gmail.com<\/a><\/p>\n\n\n\n<p><strong>Avainkoodi ilmoitetaan l\u00e4hell\u00e4 vuokrausajankohtaa joko tekstiviestill\u00e4 tai s\u00e4hk\u00f6postiin.<\/strong><br><br><strong>Ajo-ohje<\/strong>: Lauttarannasta p\u00e4\u00e4tiet\u00e4 saaren l\u00e4pi (n.29km.) ja k\u00e4\u00e4nny vasempaan Ranta-Sumppuun viev\u00e4lle tielle (viitta Sumppu 1) ja ennen Ranta-Sumppua k\u00e4\u00e4ntyy tie vasemmalle,&nbsp;jossa kyltti PAU&nbsp;Huilunnokka, aja tiet\u00e4 ja toisen PAU Huilunnokka viitan kohdalta k\u00e4\u00e4nny&nbsp;oikealle ja aja tien p\u00e4\u00e4h\u00e4n ja olet pihassa.<\/p>\n\n\n\n<p>Hailuodon lautta-aikataulut l\u00f6ytyv\u00e4t osoitteesta&nbsp;<br><a href=\"https:\/\/www.finferries.fi\/lauttaliikenne\/lauttapaikat-ja-aikataulut\/hailuoto.html\" target=\"_blank\" rel=\"noreferrer noopener\">https:\/\/www.finferries.fi\/lauttaliikenne\/lauttapaikat-ja-aikataulut\/hailuoto.html<\/a><\/p>\n\n\n\n<p>Hailuodon tapahtumia p\u00e4\u00e4set selailemaan osoitteessa<br><a href=\"https:\/\/www.hailuoto.fi\/tapahtumat\/\" target=\"_blank\" rel=\"noreferrer noopener\">https:\/\/www.hailuoto.fi\/tapahtumat\/<\/a><\/p>\n\n\n\n<figure class=\"wp-block-gallery alignwide has-nested-images columns-default is-cropped wp-block-gallery-2 is-layout-flex wp-block-gallery-is-layout-flex\">\n<figure class=\"wp-block-image size-full\"><img loading=\"lazy\" decoding=\"async\" width=\"210\" height=\"140\" data-id=\"379\" src=\"https:\/\/www.pauoulu.fi\/wp-content\/uploads\/2025\/03\/Makuuhuone.jpeg\" alt=\"\" class=\"wp-image-379\"\/><\/figure>\n\n\n\n<figure class=\"wp-block-image size-large\"><img loading=\"lazy\" decoding=\"async\" width=\"210\" height=\"140\" data-id=\"382\" src=\"https:\/\/www.pauoulu.fi\/wp-content\/uploads\/2025\/03\/Parvelle-mahtuu.jpeg\" alt=\"\" class=\"wp-image-382\"\/><\/figure>\n\n\n\n<figure class=\"wp-block-image size-full\"><img loading=\"lazy\" decoding=\"async\" width=\"210\" height=\"140\" data-id=\"381\" src=\"https:\/\/www.pauoulu.fi\/wp-content\/uploads\/2025\/03\/Parvella.jpeg\" alt=\"\" class=\"wp-image-381\"\/><\/figure>\n<\/figure>\n\n\n\n<figure class=\"wp-block-gallery alignleft has-nested-images columns-default is-cropped wp-block-gallery-3 is-layout-flex wp-block-gallery-is-layout-flex\">\n<figure class=\"wp-block-image size-full\"><img loading=\"lazy\" decoding=\"async\" width=\"210\" height=\"140\" data-id=\"387\" src=\"https:\/\/www.pauoulu.fi\/wp-content\/uploads\/2025\/03\/IMG_4938.jpeg\" alt=\"\" class=\"wp-image-387\"\/><\/figure>\n\n\n\n<figure class=\"wp-block-image size-large\"><img loading=\"lazy\" decoding=\"async\" width=\"210\" height=\"140\" data-id=\"384\" src=\"https:\/\/www.pauoulu.fi\/wp-content\/uploads\/2025\/03\/IMG_4933-1.jpeg\" alt=\"\" class=\"wp-image-384\"\/><\/figure>\n<\/figure>\n\n\n\n<div class=\"wp-block-group\"><div class=\"wp-block-group__inner-container is-layout-constrained wp-block-group-is-layout-constrained\">\n<figure class=\"wp-block-gallery has-nested-images columns-default is-cropped wp-block-gallery-4 is-layout-flex wp-block-gallery-is-layout-flex\"><\/figure>\n<\/div><\/div>\n\n\n\n<div class=\"wp-block-group\"><div class=\"wp-block-group__inner-container is-layout-constrained wp-block-group-is-layout-constrained\">\n<figure class=\"wp-block-gallery alignleft has-nested-images columns-default is-cropped wp-block-gallery-5 is-layout-flex wp-block-gallery-is-layout-flex\">\n<figure class=\"wp-block-image size-large\"><img loading=\"lazy\" decoding=\"async\" width=\"158\" height=\"210\" data-id=\"389\" src=\"https:\/\/www.pauoulu.fi\/wp-content\/uploads\/2025\/03\/IMG-20240605-WA0006.jpeg\" alt=\"\" class=\"wp-image-389\"\/><\/figure>\n\n\n\n<figure class=\"wp-block-image size-large\"><img loading=\"lazy\" decoding=\"async\" width=\"158\" height=\"210\" data-id=\"391\" src=\"https:\/\/www.pauoulu.fi\/wp-content\/uploads\/2025\/03\/IMG-20240605-WA0007.jpeg\" alt=\"\" class=\"wp-image-391\"\/><\/figure>\n<\/figure>\n<\/div><\/div>\n\n\n\n<div class=\"wp-block-group\"><div class=\"wp-block-group__inner-container is-layout-constrained wp-block-group-is-layout-constrained\">\n<figure class=\"wp-block-image size-large\"><img loading=\"lazy\" decoding=\"async\" width=\"94\" height=\"209\" src=\"https:\/\/www.pauoulu.fi\/wp-content\/uploads\/2025\/03\/Huilunnokka-grillikota.jpeg\" alt=\"\" class=\"wp-image-392\"\/><\/figure>\n\n\n\n<figure class=\"wp-block-gallery has-nested-images columns-default is-cropped wp-block-gallery-6 is-layout-flex wp-block-gallery-is-layout-flex\"><\/figure>\n<\/div><\/div>\n\n\n\n<div class=\"wp-block-group\"><div class=\"wp-block-group__inner-container is-layout-constrained wp-block-group-is-layout-constrained\">\n<div class=\"wp-block-columns are-vertically-aligned-top is-layout-flex wp-container-core-columns-is-layout-9d6595d7 wp-block-columns-is-layout-flex\">\n<div class=\"wp-block-column is-vertically-aligned-top is-layout-flow wp-block-column-is-layout-flow\" style=\"flex-basis:100%\">\n<figure class=\"wp-block-gallery has-nested-images columns-default is-cropped wp-block-gallery-7 is-layout-flex wp-block-gallery-is-layout-flex\"><\/figure>\n<\/div>\n<\/div>\n<\/div><\/div>\n\n\n\n<p><\/p>\n","protected":false},"excerpt":{"rendered":"<p>HUILUNNOKKA&nbsp;on lomapaikka, jota voivat vuokrata ainoastaan Pau:n j\u00e4senet. Huilunokka koostuu p\u00e4\u00e4m\u00f6kist\u00e4, grillikodasta, rantasaunasta ja pihavajasta. P\u00e4\u00e4m\u00f6kiss\u00e4 on yksi makuuhuone paris\u00e4ngyll\u00e4 ja&nbsp;parvi, jossa 2 s\u00e4nky\u00e4 ja muutama patja. Alakerran tuvan sohvat &#8230;<\/p>\n","protected":false},"author":1,"featured_media":0,"parent":0,"menu_order":0,"comment_status":"closed","ping_status":"closed","template":"","meta":{"footnotes":""},"class_list":["post-250","page","type-page","status-publish","hentry"],"_links":{"self":[{"href":"https:\/\/www.pauoulu.fi\/index.php\/wp-json\/wp\/v2\/pages\/250","targetHints":{"allow":["GET"]}}],"collection":[{"href":"https:\/\/www.pauoulu.fi\/index.php\/wp-json\/wp\/v2\/pages"}],"about":[{"href":"https:\/\/www.pauoulu.fi\/index.php\/wp-json\/wp\/v2\/types\/page"}],"author":[{"embeddable":true,"href":"https:\/\/www.pauoulu.fi\/index.php\/wp-json\/wp\/v2\/users\/1"}],"replies":[{"embeddable":true,"href":"https:\/\/www.pauoulu.fi\/index.php\/wp-json\/wp\/v2\/comments?post=250"}],"version-history":[{"count":10,"href":"https:\/\/www.pauoulu.fi\/index.php\/wp-json\/wp\/v2\/pages\/250\/revisions"}],"predecessor-version":[{"id":977,"href":"https:\/\/www.pauoulu.fi\/index.php\/wp-json\/wp\/v2\/pages\/250\/revisions\/977"}],"wp:attachment":[{"href":"https:\/\/www.pauoulu.fi\/index.php\/wp-json\/wp\/v2\/media?parent=250"}],"curies":[{"name":"wp","href":"https:\/\/api.w.org\/{rel}","templated":true}]}}